{"id":67,"date":"2023-10-13T17:35:12","date_gmt":"2023-10-13T17:35:12","guid":{"rendered":"https:\/\/iboga.hosting24.pl\/maciejkozak.pl\/?page_id=67"},"modified":"2025-02-08T19:15:10","modified_gmt":"2025-02-08T19:15:10","slug":"o-mnie","status":"publish","type":"page","link":"http:\/\/maciejkozak.pl\/?page_id=67","title":{"rendered":"O mnie"},"content":{"rendered":"\n<p><\/p>\n\n\n\n<div class=\"wp-block-group is-nowrap is-layout-flex wp-container-core-group-is-layout-ad2f72ca wp-block-group-is-layout-flex\">\n<figure class=\"wp-block-image size-large is-resized\"><img loading=\"lazy\" decoding=\"async\" width=\"753\" height=\"1024\" src=\"http:\/\/maciejkozak.pl\/wp-content\/uploads\/2023\/10\/maciej-753x1024.jpg\" alt=\"\" class=\"wp-image-68\" style=\"aspect-ratio:0.7353515625;width:462px;height:auto\" srcset=\"http:\/\/maciejkozak.pl\/wp-content\/uploads\/2023\/10\/maciej-753x1024.jpg 753w, http:\/\/maciejkozak.pl\/wp-content\/uploads\/2023\/10\/maciej-221x300.jpg 221w, http:\/\/maciejkozak.pl\/wp-content\/uploads\/2023\/10\/maciej-768x1044.jpg 768w, http:\/\/maciejkozak.pl\/wp-content\/uploads\/2023\/10\/maciej-1130x1536.jpg 1130w, http:\/\/maciejkozak.pl\/wp-content\/uploads\/2023\/10\/maciej.jpg 1506w\" sizes=\"auto, (max-width: 753px) 100vw, 753px\" \/><\/figure>\n\n\n\n<p>Kim w istocie jestem? Ucz\u0119 si\u0119 \u017cycia mi.n. przez swoje cia\u0142o, relacje z innymi lud\u017ami, moje kochane dzieciaki, do\u015bwiadczenie chwili, warsztaty i ksi\u0105\u017cki. To co umiem przekazuje z otwarto\u015bci\u0105 dalej. Poznaj\u0119 i praktykuj\u0119 \u015bwiadome \u017cycie mi.n. poprzez oddech, medytacj\u0119, zdrowe od\u017cywianie, Buddyzm, Tao, ro\u015bliny mocy \u2013 enteogeny, masa\u017c MER, masa\u017c misami tybeta\u0144skimi, medycyn\u0119 informacyjn\u0105.<br>Na co dzie\u0144 kieruj\u0119 si\u0119 zmys\u0142ami prowadzonymi przez mi\u0142o\u015b\u0107, wolno\u015b\u0107, zdrowie.<\/p>\n<\/div>\n\n\n\n<p>Uczy\u0142em si\u0119 mi\u0119dzy innymi nast\u0119puj\u0105cych rzeczy u os\u00f3b takich jak:<\/p>\n\n\n\n<ul class=\"wp-block-list\">\n<li>Bioenergoterapia &#8211; Kazimierz Kwitniewski (<a href=\"http:\/\/adept.org.pl\">adept.org.pl<\/a>), Jerzy Ireneusz Opara (<a href=\"http:\/\/mocprany.pl\">mocprany.pl<\/a>)<\/li>\n\n\n\n<li>Masa\u017c Myofascial Energetic Release &#8211; Satyarthi Peloquin (<a href=\"http:\/\/myofascialtrainings.com\">myofascialtrainings.com<\/a>)<\/li>\n\n\n\n<li>ZenCoaching &#8211; K\u00e5re Landfald (<a href=\"http:\/\/zen-coaching.com\">zen-coaching.com<\/a>)<\/li>\n\n\n\n<li>Hipnoza, NLP &#8211; Richard Bandler (<a href=\"http:\/\/richardbandler.com\">richardbandler.com<\/a>)<\/li>\n\n\n\n<li>Neuro-Linguistic Programming &#8211; Paul McKenna (<a href=\"http:\/\/paulmckenna.com\">paulmckenna.com<\/a>)<\/li>\n\n\n\n<li>Metoda Change Morphic Field &#8211; Karina Abraham (<a href=\"http:\/\/karinaabraham.pl\">karinaabraham.pl<\/a>)<\/li>\n\n\n\n<li>Theta Healing &#8211; Marianna Bartke (<a href=\"http:\/\/mariannabartke.com\">mariannabartke.com<\/a>)<\/li>\n\n\n\n<li>Masa\u017c d\u017awi\u0119kiem mis tybeta\u0144skich &#8211; Leszek Angulski <\/li>\n\n\n\n<li>Uzdrawianie wibracjami mis tybeta\u0144skich &#8211; \u0141ukasz Mazurek (<a href=\"https:\/\/nepalshop.pl\/pl\/c\">https:\/\/nepalshop.pl<\/a>)<\/li>\n<\/ul>\n","protected":false},"excerpt":{"rendered":"<p>Kim w istocie jestem? Ucz\u0119 si\u0119 \u017cycia mi.n. przez swoje cia\u0142o, relacje z innymi lud\u017ami, moje kochane dzieciaki, do\u015bwiadczenie chwili, warsztaty i ksi\u0105\u017cki. To co umiem przekazuje z otwarto\u015bci\u0105 dalej. Poznaj\u0119 i praktykuj\u0119 \u015bwiadome \u017cycie mi.n. poprzez oddech, medytacj\u0119, zdrowe od\u017cywianie, Buddyzm, Tao, ro\u015bliny mocy \u2013 enteogeny, masa\u017c MER, masa\u017c [&hellip;]<\/p>\n","protected":false},"author":1,"featured_media":0,"parent":0,"menu_order":0,"comment_status":"closed","ping_status":"closed","template":"","meta":{"footnotes":""},"class_list":["post-67","page","type-page","status-publish","hentry"],"_links":{"self":[{"href":"http:\/\/maciejkozak.pl\/index.php?rest_route=\/wp\/v2\/pages\/67","targetHints":{"allow":["GET"]}}],"collection":[{"href":"http:\/\/maciejkozak.pl\/index.php?rest_route=\/wp\/v2\/pages"}],"about":[{"href":"http:\/\/maciejkozak.pl\/index.php?rest_route=\/wp\/v2\/types\/page"}],"author":[{"embeddable":true,"href":"http:\/\/maciejkozak.pl\/index.php?rest_route=\/wp\/v2\/users\/1"}],"replies":[{"embeddable":true,"href":"http:\/\/maciejkozak.pl\/index.php?rest_route=%2Fwp%2Fv2%2Fcomments&post=67"}],"version-history":[{"count":7,"href":"http:\/\/maciejkozak.pl\/index.php?rest_route=\/wp\/v2\/pages\/67\/revisions"}],"predecessor-version":[{"id":133,"href":"http:\/\/maciejkozak.pl\/index.php?rest_route=\/wp\/v2\/pages\/67\/revisions\/133"}],"wp:attachment":[{"href":"http:\/\/maciejkozak.pl\/index.php?rest_route=%2Fwp%2Fv2%2Fmedia&parent=67"}],"curies":[{"name":"wp","href":"https:\/\/api.w.org\/{rel}","templated":true}]}}