{"id":14,"date":"2023-10-13T13:54:15","date_gmt":"2023-10-13T13:54:15","guid":{"rendered":"https:\/\/iboga.hosting24.pl\/maciejkozak.pl\/?page_id=14"},"modified":"2023-10-13T18:50:27","modified_gmt":"2023-10-13T18:50:27","slug":"dodatkowe","status":"publish","type":"page","link":"http:\/\/maciejkozak.pl\/?page_id=14","title":{"rendered":"Dodatkowe"},"content":{"rendered":"\n<figure class=\"wp-block-embed is-type-video is-provider-youtube wp-block-embed-youtube wp-embed-aspect-4-3 wp-has-aspect-ratio\"><div class=\"wp-block-embed__wrapper\">\n<iframe loading=\"lazy\" title=\"&quot;Remember&quot; by Omkara\" width=\"750\" height=\"563\" src=\"https:\/\/www.youtube.com\/embed\/Bm5ET1tOVzQ?feature=oembed\" frameborder=\"0\" allow=\"accelerometer; autoplay; clipboard-write; encrypted-media; gyroscope; picture-in-picture; web-share\" allowfullscreen><\/iframe>\n<\/div><figcaption class=\"wp-element-caption\">&#8222;Remember&#8221; by Omkara<\/figcaption><\/figure>\n\n\n\n<figure class=\"wp-block-embed is-type-video is-provider-youtube wp-block-embed-youtube wp-embed-aspect-16-9 wp-has-aspect-ratio\"><div class=\"wp-block-embed__wrapper\">\n<iframe loading=\"lazy\" title=\"Diamonds - Rihanna (written by Sia) | One Voice Children&#039;s Choir | Kids Cover (Official Music Video)\" width=\"750\" height=\"422\" src=\"https:\/\/www.youtube.com\/embed\/fIeKy8mD-1k?feature=oembed\" frameborder=\"0\" allow=\"accelerometer; autoplay; clipboard-write; encrypted-media; gyroscope; picture-in-picture; web-share\" allowfullscreen><\/iframe>\n<\/div><figcaption class=\"wp-element-caption\">&#8222;Diamonds&#8221; Rihanna (napisany przez Sia) | Ok\u0142adki Ch\u00f3ru Dzieci\u0119cego jednym g\u0142osem<\/figcaption><\/figure>\n","protected":false},"excerpt":{"rendered":"","protected":false},"author":1,"featured_media":0,"parent":0,"menu_order":0,"comment_status":"closed","ping_status":"closed","template":"","meta":{"footnotes":""},"class_list":["post-14","page","type-page","status-publish","hentry"],"_links":{"self":[{"href":"http:\/\/maciejkozak.pl\/index.php?rest_route=\/wp\/v2\/pages\/14","targetHints":{"allow":["GET"]}}],"collection":[{"href":"http:\/\/maciejkozak.pl\/index.php?rest_route=\/wp\/v2\/pages"}],"about":[{"href":"http:\/\/maciejkozak.pl\/index.php?rest_route=\/wp\/v2\/types\/page"}],"author":[{"embeddable":true,"href":"http:\/\/maciejkozak.pl\/index.php?rest_route=\/wp\/v2\/users\/1"}],"replies":[{"embeddable":true,"href":"http:\/\/maciejkozak.pl\/index.php?rest_route=%2Fwp%2Fv2%2Fcomments&post=14"}],"version-history":[{"count":2,"href":"http:\/\/maciejkozak.pl\/index.php?rest_route=\/wp\/v2\/pages\/14\/revisions"}],"predecessor-version":[{"id":89,"href":"http:\/\/maciejkozak.pl\/index.php?rest_route=\/wp\/v2\/pages\/14\/revisions\/89"}],"wp:attachment":[{"href":"http:\/\/maciejkozak.pl\/index.php?rest_route=%2Fwp%2Fv2%2Fmedia&parent=14"}],"curies":[{"name":"wp","href":"https:\/\/api.w.org\/{rel}","templated":true}]}}