{"id":12,"date":"2023-10-13T13:52:49","date_gmt":"2023-10-13T13:52:49","guid":{"rendered":"https:\/\/iboga.hosting24.pl\/maciejkozak.pl\/?page_id=12"},"modified":"2023-10-24T16:58:56","modified_gmt":"2023-10-24T16:58:56","slug":"integracja","status":"publish","type":"page","link":"http:\/\/maciejkozak.pl\/?page_id=12","title":{"rendered":"Integracja"},"content":{"rendered":"\n<p>Zajmuje si\u0119 integracj\u0105 do\u015bwiadcze\u0144, w tym powsta\u0142ych w poszerzonych stanach \u015bwiadomo\u015bci r\u00f3wnie\u017c indukowanych substancjami psychodelicznymi.<\/p>\n\n\n\n<p>Integracja to wolno\u015b\u0107 wyra\u017cania siebie.<\/p>\n","protected":false},"excerpt":{"rendered":"<p>Zajmuje si\u0119 integracj\u0105 do\u015bwiadcze\u0144, w tym powsta\u0142ych w poszerzonych stanach \u015bwiadomo\u015bci r\u00f3wnie\u017c indukowanych substancjami psychodelicznymi. Integracja to wolno\u015b\u0107 wyra\u017cania siebie.<\/p>\n","protected":false},"author":1,"featured_media":0,"parent":0,"menu_order":0,"comment_status":"closed","ping_status":"closed","template":"","meta":{"footnotes":""},"class_list":["post-12","page","type-page","status-publish","hentry"],"_links":{"self":[{"href":"http:\/\/maciejkozak.pl\/index.php?rest_route=\/wp\/v2\/pages\/12","targetHints":{"allow":["GET"]}}],"collection":[{"href":"http:\/\/maciejkozak.pl\/index.php?rest_route=\/wp\/v2\/pages"}],"about":[{"href":"http:\/\/maciejkozak.pl\/index.php?rest_route=\/wp\/v2\/types\/page"}],"author":[{"embeddable":true,"href":"http:\/\/maciejkozak.pl\/index.php?rest_route=\/wp\/v2\/users\/1"}],"replies":[{"embeddable":true,"href":"http:\/\/maciejkozak.pl\/index.php?rest_route=%2Fwp%2Fv2%2Fcomments&post=12"}],"version-history":[{"count":4,"href":"http:\/\/maciejkozak.pl\/index.php?rest_route=\/wp\/v2\/pages\/12\/revisions"}],"predecessor-version":[{"id":131,"href":"http:\/\/maciejkozak.pl\/index.php?rest_route=\/wp\/v2\/pages\/12\/revisions\/131"}],"wp:attachment":[{"href":"http:\/\/maciejkozak.pl\/index.php?rest_route=%2Fwp%2Fv2%2Fmedia&parent=12"}],"curies":[{"name":"wp","href":"https:\/\/api.w.org\/{rel}","templated":true}]}}