{"id":11,"date":"2023-10-13T13:52:40","date_gmt":"2023-10-13T13:52:40","guid":{"rendered":"https:\/\/iboga.hosting24.pl\/maciejkozak.pl\/?page_id=11"},"modified":"2023-10-20T18:30:35","modified_gmt":"2023-10-20T18:30:35","slug":"spotkanie","status":"publish","type":"page","link":"http:\/\/maciejkozak.pl\/?page_id=11","title":{"rendered":"Spotkanie"},"content":{"rendered":"\n<p>Spotkanie zawsze tworzy wsp\u00f3lne pole, pole kt\u00f3re ma potencja\u0142 zmiany ka\u017cdej z uczestnicz\u0105cej w spotkaniu \u015bwiadomo\u015bci, to jak si\u0119 to potoczy zale\u017cy od \u015bcie\u017cki, do\u015bwiadczenia, \u015brodowiska. <\/p>\n\n\n\n<p>W czasie spotkania stworzymy przestrze\u0144 do tego by\u015b m\u00f3g\u0142 si\u0119 zharmonizowa\u0107 oraz poczu\u0107 i us\u0142ysze\u0107 siebie, dowiedzie\u0107 si\u0119 za czym tak naprawd\u0119 t\u0119sknisz i odkry\u0107 obfito\u015b\u0107 w jakiej \u017cyjesz.<\/p>\n\n\n\n<p>Zapraszam do kontaktu<\/p>\n","protected":false},"excerpt":{"rendered":"<p>Spotkanie zawsze tworzy wsp\u00f3lne pole, pole kt\u00f3re ma potencja\u0142 zmiany ka\u017cdej z uczestnicz\u0105cej w spotkaniu \u015bwiadomo\u015bci, to jak si\u0119 to potoczy zale\u017cy od \u015bcie\u017cki, do\u015bwiadczenia, \u015brodowiska. W czasie spotkania stworzymy przestrze\u0144 do tego by\u015b m\u00f3g\u0142 si\u0119 zharmonizowa\u0107 oraz poczu\u0107 i us\u0142ysze\u0107 siebie, dowiedzie\u0107 si\u0119 za czym tak naprawd\u0119 t\u0119sknisz i [&hellip;]<\/p>\n","protected":false},"author":1,"featured_media":0,"parent":0,"menu_order":0,"comment_status":"closed","ping_status":"closed","template":"","meta":{"footnotes":""},"class_list":["post-11","page","type-page","status-publish","hentry"],"_links":{"self":[{"href":"http:\/\/maciejkozak.pl\/index.php?rest_route=\/wp\/v2\/pages\/11","targetHints":{"allow":["GET"]}}],"collection":[{"href":"http:\/\/maciejkozak.pl\/index.php?rest_route=\/wp\/v2\/pages"}],"about":[{"href":"http:\/\/maciejkozak.pl\/index.php?rest_route=\/wp\/v2\/types\/page"}],"author":[{"embeddable":true,"href":"http:\/\/maciejkozak.pl\/index.php?rest_route=\/wp\/v2\/users\/1"}],"replies":[{"embeddable":true,"href":"http:\/\/maciejkozak.pl\/index.php?rest_route=%2Fwp%2Fv2%2Fcomments&post=11"}],"version-history":[{"count":6,"href":"http:\/\/maciejkozak.pl\/index.php?rest_route=\/wp\/v2\/pages\/11\/revisions"}],"predecessor-version":[{"id":129,"href":"http:\/\/maciejkozak.pl\/index.php?rest_route=\/wp\/v2\/pages\/11\/revisions\/129"}],"wp:attachment":[{"href":"http:\/\/maciejkozak.pl\/index.php?rest_route=%2Fwp%2Fv2%2Fmedia&parent=11"}],"curies":[{"name":"wp","href":"https:\/\/api.w.org\/{rel}","templated":true}]}}